{"id":556,"date":"2023-06-07T16:57:20","date_gmt":"2023-06-07T14:57:20","guid":{"rendered":"https:\/\/www.repatservice.nl\/?page_id=556"},"modified":"2025-12-24T11:24:24","modified_gmt":"2025-12-24T10:24:24","slug":"uber-repatservice","status":"publish","type":"page","link":"https:\/\/www.repatservice.nl\/de\/uber-repatservice\/","title":{"rendered":"\u00dcber RepatService"},"content":{"rendered":"<p>[et_pb_section fb_built=&#8220;1&#8243; _builder_version=&#8220;4.19.5&#8243; _module_preset=&#8220;default&#8220; background_enable_color=&#8220;off&#8220; background_image=&#8220;https:\/\/repatservice.nl\/assets\/uploads\/repatservice_nl-vogeltjes-bg-01.png&#8220; background_size=&#8220;custom&#8220; background_image_width=&#8220;540px&#8220; background_position=&#8220;top_left&#8220; background_horizontal_offset=&#8220;27px&#8220; background_vertical_offset=&#8220;27px&#8220; custom_padding=&#8220;108px||54px||false|false&#8220; global_colors_info=&#8220;{}&#8220;][et_pb_row use_custom_gutter=&#8220;on&#8220; gutter_width=&#8220;4&#8243; _builder_version=&#8220;4.19.5&#8243; _module_preset=&#8220;default&#8220; custom_margin=&#8220;0px||0px||true|false&#8220; custom_padding=&#8220;0px||0px||true|false&#8220; hover_enabled=&#8220;0&#8243; global_colors_info=&#8220;{}&#8220; sticky_enabled=&#8220;0&#8243;][et_pb_column type=&#8220;4_4&#8243; _builder_version=&#8220;4.19.5&#8243; _module_preset=&#8220;default&#8220; global_colors_info=&#8220;{}&#8220;][et_pb_text _builder_version=&#8220;4.27.5&#8243; _module_preset=&#8220;default&#8220; text_font=&#8220;Poppins||||||||&#8220; text_text_color=&#8220;#00565E&#8220; text_font_size=&#8220;16px&#8220; link_font=&#8220;|700|||||||&#8220; link_text_color=&#8220;#00A5C8&#8243; header_text_color=&#8220;#00565E&#8220; header_font_size=&#8220;44px&#8220; header_line_height=&#8220;50px&#8220; custom_margin=&#8220;||32px||false|false&#8220; hover_enabled=&#8220;0&#8243; header_font_size_tablet=&#8220;44px&#8220; header_font_size_phone=&#8220;24px&#8220; header_font_size_last_edited=&#8220;on|phone&#8220; header_line_height_tablet=&#8220;50px&#8220; header_line_height_phone=&#8220;31px&#8220; header_line_height_last_edited=&#8220;on|phone&#8220; global_colors_info=&#8220;{}&#8220; sticky_enabled=&#8220;0&#8243;]<\/p>\n<h1>Langj\u00e4hrige Erfahrung in der weltweiten Repatriierung von Verstorbenen<\/h1>\n<p>[\/et_pb_text][et_pb_text _builder_version=&#8220;4.27.5&#8243; _module_preset=&#8220;default&#8220; text_font=&#8220;Poppins||||||||&#8220; text_text_color=&#8220;#00565E&#8220; text_font_size=&#8220;16px&#8220; link_font=&#8220;|700|||||||&#8220; link_text_color=&#8220;#00A5C8&#8243; width=&#8220;80%&#8220; width_tablet=&#8220;80%&#8220; width_phone=&#8220;100%&#8220; width_last_edited=&#8220;on|phone&#8220; custom_margin=&#8220;48px||48px||true|false&#8220; custom_padding=&#8220;||0px||false|false&#8220; hover_enabled=&#8220;0&#8243; global_colors_info=&#8220;{}&#8220; sticky_enabled=&#8220;0&#8243;]<\/p>\n<p>Das Team von RepatService arbeitet bereits seit vielen Jahren eng zusammen und verf\u00fcgt \u00fcber umfangreiche Erfahrung in der weltweiten Repatriierung von Verstorbenen. Sowohl bei der R\u00fcckf\u00fchrung aus dem Ausland in die Niederlande als auch bei \u00dcberf\u00fchrungen von den Niederlanden ins Ausland. Dar\u00fcber hinaus verf\u00fcgen wir \u00fcber Erfahrung in der Organisation von Ein\u00e4scherungen im Ausland sowie in der \u00dcberf\u00fchrung von Urnen.<\/p>\n<p>Wir sind auf die vollst\u00e4ndige Organisation und Abwicklung der gesamten \u00dcberf\u00fchrung spezialisiert und \u00fcbernehmen neben der Beschaffung der erforderlichen Dokumente und dem Transport auf dem Landweg oder per Luftfracht auch die gesamte Kommunikation mit allen beteiligten Beh\u00f6rden und Institutionen im In- und Ausland. Dies geschieht stets auf integre und pers\u00f6nliche Weise, mit gr\u00f6\u00dftem Respekt gegen\u00fcber dem Verstorbenen und den Angeh\u00f6rigen.<\/p>\n<p>Da wir zudem \u00fcber umfassende Erfahrung und fundierte Kenntnisse der niederl\u00e4ndischen Bestattungsbranche verf\u00fcgen, unterst\u00fctzen und beraten wir den \u00f6rtlichen Bestatter im Hinblick auf die bevorstehende Bestattung in den Niederlanden oder den Abschied vor der \u00dcberf\u00fchrung ins Ausland.<\/p>\n<p><em>Marina Ganibegovic und Ingeborg Lubbers \u2013 Gr\u00fcnderinnen von RepatService<\/em><\/p>\n<p>[\/et_pb_text][et_pb_image src=&#8220;https:\/\/www.repatservice.nl\/assets\/uploads\/Ingeborg-Marina-1080&#215;720.jpg&#8220; alt=&#8220;Ingeborg Lubbers &#8220; title_text=&#8220;Ingeborg &#038; Marina&#8220; admin_label=&#8220;Afbeelding&#8220; _builder_version=&#8220;4.21.0&#8243; _module_preset=&#8220;default&#8220; global_colors_info=&#8220;{}&#8220;][\/et_pb_image][et_pb_text _builder_version=&#8220;4.27.5&#8243; _module_preset=&#8220;default&#8220; text_font=&#8220;Poppins||||||||&#8220; text_text_color=&#8220;#00565E&#8220; text_font_size=&#8220;16px&#8220; link_font=&#8220;|700|||||||&#8220; link_text_color=&#8220;#00A5C8&#8243; custom_margin=&#8220;||48px||false|false&#8220; custom_padding=&#8220;||0px||false|false&#8220; hover_enabled=&#8220;0&#8243; global_colors_info=&#8220;{}&#8220; sticky_enabled=&#8220;0&#8243;]<\/p>\n<p><strong>Kontaktieren Sie uns bei allen Fragen.<\/strong><br \/><strong>Wir sind rund um die Uhr f\u00fcr Sie da und helfen Ihnen sofort.<\/strong><\/p>\n<p>[\/et_pb_text][et_pb_testimonial author=&#8220;De Wandelstap &#8220; job_title=&#8220;Klicken Sie hier f\u00fcr weitere Informationen&#8220; company_name=&#8220;De Wandelstap&#8220; url=&#8220;https:\/\/dewandelstap.nl\/&#8220; _builder_version=&#8220;4.27.5&#8243; _module_preset=&#8220;default&#8220; custom_padding=&#8220;||0px||false|false&#8220; link_option_url=&#8220;https:\/\/dewandelstap.nl\/&#8220; hover_enabled=&#8220;0&#8243; global_colors_info=&#8220;{}&#8220; sticky_enabled=&#8220;0&#8243;]<\/p>\n<p>Wandelcoaching: Unterst\u00fctzung bei Gro\u00dfveranstaltungen<\/p>\n<p>[\/et_pb_testimonial][et_pb_testimonial author=&#8220;(R\u00fcckf\u00fchrung nach Irland)&#8220; _builder_version=&#8220;4.27.5&#8243; _module_preset=&#8220;default&#8220; custom_padding=&#8220;||0px||false|false&#8220; hover_enabled=&#8220;0&#8243; global_colors_info=&#8220;{}&#8220; sticky_enabled=&#8220;0&#8243;]<\/p>\n<p>Vielen Dank, dass du dich um alles gek\u00fcmmert hast. Du bist gro\u00dfartig! Alles Gute!<\/p>\n<p>[\/et_pb_testimonial][et_pb_testimonial author=&#8220;R\u00fcckf\u00fchrung aus Indonesien&#8220; _builder_version=&#8220;4.27.5&#8243; _module_preset=&#8220;default&#8220; custom_margin=&#8220;3px||||false|false&#8220; custom_padding=&#8220;15px||4px||false|false&#8220; hover_enabled=&#8220;0&#8243; global_colors_info=&#8220;{}&#8220; sticky_enabled=&#8220;0&#8243;]<\/p>\n<p>Vielen Dank f\u00fcr Ihre gro\u00dfartige Unterst\u00fctzung bei der R\u00fcckf\u00fchrung meines Vaters. Trotz aller Schwierigkeiten war Ihre Hilfe eine echte Erleichterung. Auch im Namen meiner Schwestern danke ich Ihnen herzlich.<\/p>\n<p>[\/et_pb_testimonial][et_pb_button button_url=&#8220;\/contact&#8220; button_text=&#8220;Kontakt RepatService&#8220; _builder_version=&#8220;4.27.5&#8243; _module_preset=&#8220;default&#8220; custom_button=&#8220;on&#8220; button_text_size=&#8220;18px&#8220; button_text_color=&#8220;#00565E&#8220; button_bg_color=&#8220;#FFFFFF&#8220; button_border_width=&#8220;1px&#8220; button_border_color=&#8220;#00565E&#8220; button_border_radius=&#8220;50px&#8220; button_font=&#8220;Poppins||||||||&#8220; button_use_icon=&#8220;off&#8220; custom_margin=&#8220;||14px||false|false&#8220; hover_enabled=&#8220;0&#8243; custom_css_main_element=&#8220;float:left;&#8220; global_colors_info=&#8220;{}&#8220; sticky_enabled=&#8220;0&#8243;][\/et_pb_button][et_pb_button button_url=&#8220;tel:+310850069905&#8243; button_text=&#8220;Direkt anrufen 085 006 9905&#8243; _builder_version=&#8220;4.27.5&#8243; _module_preset=&#8220;default&#8220; custom_button=&#8220;on&#8220; button_text_size=&#8220;18px&#8220; button_text_color=&#8220;#00565E&#8220; button_bg_color=&#8220;#CFE063&#8243; button_border_width=&#8220;0px&#8220; button_border_radius=&#8220;50px&#8220; button_font=&#8220;Poppins||||||||&#8220; button_use_icon=&#8220;off&#8220; custom_margin=&#8220;||14px||false|false&#8220; custom_margin_tablet=&#8220;||14px||false|false&#8220; custom_margin_phone=&#8220;||14px||false|false&#8220; custom_margin_last_edited=&#8220;on|phone&#8220; custom_padding=&#8220;||||false|false&#8220; hover_enabled=&#8220;0&#8243; custom_css_main_element=&#8220;float:left;||margin-left:14px;||clear:right;&#8220; global_colors_info=&#8220;{}&#8220; custom_css_main_element_last_edited=&#8220;on|phone&#8220; custom_css_main_element_phone=&#8220;float:none;||margin-top:14px;||margin-left:0 !important;&#8220; custom_css_main_element_tablet=&#8220;float:left;||margin-left:14px;||clear:right;&#8220; sticky_enabled=&#8220;0&#8243;][\/et_pb_button][\/et_pb_column][\/et_pb_row][\/et_pb_section][et_pb_section fb_built=&#8220;1&#8243; _builder_version=&#8220;4.19.5&#8243; _module_preset=&#8220;default&#8220; custom_padding=&#8220;54px||108px||false|false&#8220; global_colors_info=&#8220;{}&#8220;][et_pb_row column_structure=&#8220;1_2,1_2&#8243; use_custom_gutter=&#8220;on&#8220; gutter_width=&#8220;4&#8243; _builder_version=&#8220;4.19.5&#8243; _module_preset=&#8220;default&#8220; custom_margin=&#8220;0px||0px||true|false&#8220; custom_padding=&#8220;0px||0px||true|false&#8220; global_colors_info=&#8220;{}&#8220;][et_pb_column type=&#8220;1_2&#8243; _builder_version=&#8220;4.19.5&#8243; _module_preset=&#8220;default&#8220; global_colors_info=&#8220;{}&#8220;][et_pb_cta button_url=&#8220;\/aanpak&#8220; button_text=&#8220;mehr Informationen&#8220; _builder_version=&#8220;4.27.5&#8243; _module_preset=&#8220;default&#8220; header_font=&#8220;Poppins||||||||&#8220; header_text_align=&#8220;left&#8220; header_text_color=&#8220;#00565E&#8220; header_font_size=&#8220;18px&#8220; body_font=&#8220;Poppins|700|||||||&#8220; body_text_align=&#8220;left&#8220; body_text_color=&#8220;#00565E&#8220; body_font_size=&#8220;16px&#8220; background_color=&#8220;#F0F9FC&#8220; custom_button=&#8220;on&#8220; button_text_size=&#8220;16px&#8220; button_text_color=&#8220;#00A5C8&#8243; button_border_width=&#8220;0px&#8220; button_border_radius=&#8220;0px&#8220; button_use_icon=&#8220;off&#8220; button_alignment=&#8220;left&#8220; button_custom_padding=&#8220;0px|0px|0px|0px|true|true&#8220; link_option_url=&#8220;\/aanpak&#8220; hover_enabled=&#8220;0&#8243; global_colors_info=&#8220;{}&#8220; sticky_enabled=&#8220;0&#8243;]<\/p>\n<p>Todesfall im Ausland,<br \/>\nR\u00fcckf\u00fchrung in die Niederlande<\/p>\n<p>[\/et_pb_cta][\/et_pb_column][et_pb_column type=&#8220;1_2&#8243; _builder_version=&#8220;4.19.5&#8243; _module_preset=&#8220;default&#8220; global_colors_info=&#8220;{}&#8220;][et_pb_cta button_url=&#8220;\/aanpak&#8220; button_text=&#8220;mehr Informationen&#8220; _builder_version=&#8220;4.27.5&#8243; _module_preset=&#8220;default&#8220; header_font=&#8220;Poppins||||||||&#8220; header_text_align=&#8220;left&#8220; header_text_color=&#8220;#00565E&#8220; header_font_size=&#8220;18px&#8220; body_font=&#8220;Poppins|700|||||||&#8220; body_text_align=&#8220;left&#8220; body_text_color=&#8220;#00565E&#8220; body_font_size=&#8220;16px&#8220; background_color=&#8220;#F0F9FC&#8220; custom_button=&#8220;on&#8220; button_text_size=&#8220;16px&#8220; button_text_color=&#8220;#00A5C8&#8243; button_border_width=&#8220;0px&#8220; button_border_radius=&#8220;0px&#8220; button_use_icon=&#8220;off&#8220; button_alignment=&#8220;left&#8220; button_custom_padding=&#8220;0px|0px|0px|0px|true|true&#8220; link_option_url=&#8220;\/aanpak&#8220; global_colors_info=&#8220;{}&#8220;]<\/p>\n<p class=\"p1\">Todesfall in den Niederlanden,<br \/>R\u00fcckf\u00fchrung in das Heimatland<\/p>\n<p>[\/et_pb_cta][\/et_pb_column][\/et_pb_row][\/et_pb_section][et_pb_section fb_built=&#8220;1&#8243; _builder_version=&#8220;4.19.5&#8243; _module_preset=&#8220;default&#8220; background_color=&#8220;#F0F9FC&#8220; custom_padding=&#8220;108px||108px||true|false&#8220; custom_css_main_element=&#8220;||&#8220; global_colors_info=&#8220;{}&#8220;][et_pb_row column_structure=&#8220;1_3,2_3&#8243; use_custom_gutter=&#8220;on&#8220; gutter_width=&#8220;4&#8243; _builder_version=&#8220;4.19.5&#8243; _module_preset=&#8220;default&#8220; custom_margin=&#8220;0px||0px||true|false&#8220; custom_padding=&#8220;0px||0px||true|false&#8220; global_colors_info=&#8220;{}&#8220;][et_pb_column type=&#8220;1_3&#8243; _builder_version=&#8220;4.19.5&#8243; _module_preset=&#8220;default&#8220; global_colors_info=&#8220;{}&#8220;][\/et_pb_column][et_pb_column type=&#8220;2_3&#8243; _builder_version=&#8220;4.19.5&#8243; _module_preset=&#8220;default&#8220; global_colors_info=&#8220;{}&#8220;][et_pb_text _builder_version=&#8220;4.27.5&#8243; _module_preset=&#8220;default&#8220; text_font=&#8220;Poppins|700|||||||&#8220; text_text_color=&#8220;#00A5C8&#8243; text_font_size=&#8220;16px&#8220; custom_margin=&#8220;||0px||false|false&#8220; hover_enabled=&#8220;0&#8243; global_colors_info=&#8220;{}&#8220; sticky_enabled=&#8220;0&#8243;]<\/p>\n<p>Kosten- \/ Informationsanfrage<\/p>\n<p>[\/et_pb_text][et_pb_text _builder_version=&#8220;4.27.5&#8243; _module_preset=&#8220;default&#8220; text_font=&#8220;Poppins||||||||&#8220; text_text_color=&#8220;#00565E&#8220; text_font_size=&#8220;16px&#8220; link_font=&#8220;Poppins|700|||||||&#8220; link_text_color=&#8220;#00A5C8&#8243; custom_margin=&#8220;||||false|false&#8220; hover_enabled=&#8220;0&#8243; global_colors_info=&#8220;{}&#8220; sticky_enabled=&#8220;0&#8243;]Wenn Sie m\u00f6chten, nehmen wir gerne Kontakt mit Ihnen auf, um Sie zu informieren oder Ihnen eine Kosten\u00fcbersicht zu erstellen.<\/p>\n<p>Haben Sie aktuell direkt mit einem Todesfall im Ausland zu tun?<br \/>\nRufen Sie uns dann bitte an unter der Telefonnummer:<br \/>\n<a href=\"tel:+31850069905\">0031 (0)85 006 9905<\/a>[\/et_pb_text][\/et_pb_column][\/et_pb_row][et_pb_row column_structure=&#8220;2_5,3_5&#8243; use_custom_gutter=&#8220;on&#8220; gutter_width=&#8220;4&#8243; _builder_version=&#8220;4.19.5&#8243; _module_preset=&#8220;default&#8220; custom_margin=&#8220;0px||0px||true|false&#8220; custom_padding=&#8220;0px||0px||true|false&#8220; global_colors_info=&#8220;{}&#8220;][et_pb_column type=&#8220;2_5&#8243; _builder_version=&#8220;4.19.5&#8243; _module_preset=&#8220;default&#8220; global_colors_info=&#8220;{}&#8220;][et_pb_button button_url=&#8220;\/offerte-aanvraag&#8220; button_text=&#8220;angebot anfordern&#8220; button_alignment=&#8220;left&#8220; admin_label=&#8220;contact knop&#8220; _builder_version=&#8220;4.27.5&#8243; _module_preset=&#8220;default&#8220; custom_button=&#8220;on&#8220; button_text_size=&#8220;18px&#8220; button_text_color=&#8220;#00565E&#8220; button_bg_color=&#8220;#FFFFFF&#8220; button_border_width=&#8220;1px&#8220; button_border_color=&#8220;#00565E&#8220; button_border_radius=&#8220;50px&#8220; button_font=&#8220;Poppins||||||||&#8220; button_use_icon=&#8220;off&#8220; position_origin_a=&#8220;bottom_left&#8220; z_index=&#8220;3&#8243; custom_margin=&#8220;-48px||||false|false&#8220; custom_margin_tablet=&#8220;-48px||||false|false&#8220; custom_margin_phone=&#8220;27px||||false|false&#8220; custom_margin_last_edited=&#8220;on|phone&#8220; custom_padding=&#8220;||||false|false&#8220; hover_enabled=&#8220;0&#8243; global_colors_info=&#8220;{}&#8220; sticky_enabled=&#8220;0&#8243;][\/et_pb_button][\/et_pb_column][et_pb_column type=&#8220;3_5&#8243; _builder_version=&#8220;4.19.5&#8243; _module_preset=&#8220;default&#8220; global_colors_info=&#8220;{}&#8220;][\/et_pb_column][\/et_pb_row][\/et_pb_section]<\/p>\n","protected":false},"excerpt":{"rendered":"<p>Helpt wereldwijd bij repatri\u00ebren van overledenen.<\/p>\n","protected":false},"author":3,"featured_media":0,"parent":0,"menu_order":0,"comment_status":"closed","ping_status":"closed","template":"","meta":{"_et_pb_use_builder":"on","_et_pb_old_content":"","_et_gb_content_width":"","footnotes":""},"class_list":["post-556","page","type-page","status-publish","hentry"],"_links":{"self":[{"href":"https:\/\/www.repatservice.nl\/de\/wp-json\/wp\/v2\/pages\/556","targetHints":{"allow":["GET"]}}],"collection":[{"href":"https:\/\/www.repatservice.nl\/de\/wp-json\/wp\/v2\/pages"}],"about":[{"href":"https:\/\/www.repatservice.nl\/de\/wp-json\/wp\/v2\/types\/page"}],"author":[{"embeddable":true,"href":"https:\/\/www.repatservice.nl\/de\/wp-json\/wp\/v2\/users\/3"}],"replies":[{"embeddable":true,"href":"https:\/\/www.repatservice.nl\/de\/wp-json\/wp\/v2\/comments?post=556"}],"version-history":[{"count":0,"href":"https:\/\/www.repatservice.nl\/de\/wp-json\/wp\/v2\/pages\/556\/revisions"}],"wp:attachment":[{"href":"https:\/\/www.repatservice.nl\/de\/wp-json\/wp\/v2\/media?parent=556"}],"curies":[{"name":"wp","href":"https:\/\/api.w.org\/{rel}","templated":true}]}}