{"id":561,"date":"2023-06-13T17:15:05","date_gmt":"2023-06-13T15:15:05","guid":{"rendered":"https:\/\/www.repatservice.nl\/?page_id=561"},"modified":"2025-12-24T11:29:57","modified_gmt":"2025-12-24T10:29:57","slug":"kostenvoranschlag","status":"publish","type":"page","link":"https:\/\/www.repatservice.nl\/de\/kostenvoranschlag\/","title":{"rendered":"Kostenvoranschlag"},"content":{"rendered":"<p>[et_pb_section fb_built=&#8220;1&#8243; _builder_version=&#8220;4.21.0&#8243; _module_preset=&#8220;default&#8220; background_enable_color=&#8220;off&#8220; background_image=&#8220;https:\/\/repatservice.nl\/assets\/uploads\/repatservice_nl-vogeltjes-bg-01.png&#8220; background_size=&#8220;custom&#8220; background_image_width=&#8220;540px&#8220; background_position=&#8220;top_left&#8220; background_horizontal_offset=&#8220;27px&#8220; background_vertical_offset=&#8220;27px&#8220; custom_padding=&#8220;108px||108px||false|false&#8220; global_colors_info=&#8220;{}&#8220;][et_pb_row use_custom_gutter=&#8220;on&#8220; gutter_width=&#8220;4&#8243; _builder_version=&#8220;4.19.5&#8243; _module_preset=&#8220;default&#8220; custom_margin=&#8220;0px||0px||true|false&#8220; custom_padding=&#8220;0px||0px||true|false&#8220; global_colors_info=&#8220;{}&#8220;][et_pb_column type=&#8220;4_4&#8243; _builder_version=&#8220;4.19.5&#8243; _module_preset=&#8220;default&#8220; global_colors_info=&#8220;{}&#8220;][et_pb_text _builder_version=&#8220;4.27.5&#8243; _module_preset=&#8220;default&#8220; text_font=&#8220;Poppins||||||||&#8220; text_text_color=&#8220;#00565E&#8220; text_font_size=&#8220;16px&#8220; link_font=&#8220;|700|||||||&#8220; link_text_color=&#8220;#00A5C8&#8243; header_text_color=&#8220;#00565E&#8220; header_font_size=&#8220;44px&#8220; header_line_height=&#8220;50px&#8220; width=&#8220;80%&#8220; width_tablet=&#8220;80%&#8220; width_phone=&#8220;100%&#8220; width_last_edited=&#8220;on|phone&#8220; custom_margin=&#8220;||32px||false|false&#8220; hover_enabled=&#8220;0&#8243; header_font_size_tablet=&#8220;44px&#8220; header_font_size_phone=&#8220;24px&#8220; header_font_size_last_edited=&#8220;on|phone&#8220; header_line_height_tablet=&#8220;50px&#8220; header_line_height_phone=&#8220;31px&#8220; header_line_height_last_edited=&#8220;on|phone&#8220; global_colors_info=&#8220;{}&#8220; sticky_enabled=&#8220;0&#8243;]<\/p>\n<h1>Unser Ziel ist es, Sie so weit wie m\u00f6glich zu entlasten, damit wir den Verstorbenen \u2013 Ihren Angeh\u00f6rigen \u2013 so schnell wie m\u00f6glich nach Hause \u00fcberf\u00fchren k\u00f6nnen.<\/h1>\n<p>[\/et_pb_text][\/et_pb_column][\/et_pb_row][et_pb_row use_custom_gutter=&#8220;on&#8220; gutter_width=&#8220;4&#8243; _builder_version=&#8220;4.21.0&#8243; _module_preset=&#8220;default&#8220; custom_margin=&#8220;0px||0px||true|false&#8220; custom_padding=&#8220;0px||0px||true|false&#8220; global_colors_info=&#8220;{}&#8220;][et_pb_column type=&#8220;4_4&#8243; _builder_version=&#8220;4.19.5&#8243; _module_preset=&#8220;default&#8220; global_colors_info=&#8220;{}&#8220;][et_pb_text _builder_version=&#8220;4.27.5&#8243; _module_preset=&#8220;default&#8220; text_font=&#8220;Poppins|700|||||||&#8220; text_text_color=&#8220;#00565E&#8220; text_font_size=&#8220;16px&#8220; link_font=&#8220;|700|||||||&#8220; link_text_color=&#8220;#00A5C8&#8243; custom_margin=&#8220;||0px||false|false&#8220; custom_padding=&#8220;||0px||false|false&#8220; hover_enabled=&#8220;0&#8243; global_colors_info=&#8220;{}&#8220; sticky_enabled=&#8220;0&#8243;]<\/p>\n<p>Kosten\u00fcbersicht \/ Kostenvoranschlag<\/p>\n<p>[\/et_pb_text][et_pb_text _builder_version=&#8220;4.27.5&#8243; _module_preset=&#8220;default&#8220; text_font=&#8220;Poppins||||||||&#8220; text_text_color=&#8220;#00565E&#8220; text_font_size=&#8220;16px&#8220; link_font=&#8220;|700|||||||&#8220; link_text_color=&#8220;#00A5C8&#8243; width=&#8220;80%&#8220; width_tablet=&#8220;80%&#8220; width_phone=&#8220;100%&#8220; width_last_edited=&#8220;on|phone&#8220; custom_margin=&#8220;0px||0px||true|false&#8220; custom_padding=&#8220;||0px||false|false&#8220; hover_enabled=&#8220;0&#8243; global_colors_info=&#8220;{}&#8220; sticky_enabled=&#8220;0&#8243;]<\/p>\n<p>Wenn Sie w\u00fcnschen, dass wir Kontakt mit Ihnen aufnehmen, um Sie mit weiteren Informationen oder einem Kostenvoranschlag zu versorgen, stehen wir Ihnen 24 Stunden am Tag zur Verf\u00fcgung.<\/p>\n<p>E-mail: <a href=\"mailto:info@repatservice.nl\">info@repatservice.nl<\/a><br \/>Telefonnummer: <a href=\"tel:+31850069905\">0031 (0)85 006 9905<\/a><\/p>\n<p>[\/et_pb_text][\/et_pb_column][\/et_pb_row][\/et_pb_section][et_pb_section fb_built=&#8220;1&#8243; _builder_version=&#8220;4.21.0&#8243; _module_preset=&#8220;default&#8220; background_color=&#8220;#F0F9FC&#8220; background_image=&#8220;https:\/\/repatservice.nl\/assets\/uploads\/repatservice_nl-vogeltjes-bg-01.png&#8220; background_size=&#8220;custom&#8220; background_image_width=&#8220;540px&#8220; background_position=&#8220;top_left&#8220; background_horizontal_offset=&#8220;27px&#8220; background_vertical_offset=&#8220;27px&#8220; custom_padding=&#8220;108px||54px||false|false&#8220; global_colors_info=&#8220;{}&#8220;][et_pb_row column_structure=&#8220;1_3,2_3&#8243; use_custom_gutter=&#8220;on&#8220; gutter_width=&#8220;4&#8243; _builder_version=&#8220;4.21.0&#8243; _module_preset=&#8220;default&#8220; custom_margin=&#8220;0px||0px||true|false&#8220; custom_padding=&#8220;0px||0px||true|false&#8220; global_colors_info=&#8220;{}&#8220;][et_pb_column type=&#8220;1_3&#8243; _builder_version=&#8220;4.19.5&#8243; _module_preset=&#8220;default&#8220; global_colors_info=&#8220;{}&#8220;][et_pb_image src=&#8220;https:\/\/repatservice.nl\/assets\/uploads\/repatservice-bg-02-ar3x2.jpg&#8220; title_text=&#8220;repatservice-bg-02-ar3x2&#8243; _builder_version=&#8220;4.19.5&#8243; _module_preset=&#8220;default&#8220; max_height=&#8220;300px&#8220; global_colors_info=&#8220;{}&#8220;][\/et_pb_image][et_pb_button button_url=&#8220;\/over-repatservice&#8220; button_text=&#8220;\u00fcber RepatService&#8220; button_alignment=&#8220;left&#8220; admin_label=&#8220;contact knop&#8220; _builder_version=&#8220;4.27.5&#8243; _module_preset=&#8220;default&#8220; custom_button=&#8220;on&#8220; button_text_size=&#8220;18px&#8220; button_text_color=&#8220;#00565E&#8220; button_bg_color=&#8220;#FFFFFF&#8220; button_border_width=&#8220;1px&#8220; button_border_color=&#8220;#00565E&#8220; button_border_radius=&#8220;50px&#8220; button_font=&#8220;Poppins||||||||&#8220; button_use_icon=&#8220;off&#8220; position_origin_a=&#8220;bottom_left&#8220; z_index=&#8220;3&#8243; custom_margin=&#8220;||||false|false&#8220; custom_padding=&#8220;||||false|false&#8220; hover_enabled=&#8220;0&#8243; global_colors_info=&#8220;{}&#8220; sticky_enabled=&#8220;0&#8243;][\/et_pb_button][\/et_pb_column][et_pb_column type=&#8220;2_3&#8243; _builder_version=&#8220;4.21.0&#8243; _module_preset=&#8220;default&#8220; background_color=&#8220;#FFFFFF&#8220; custom_padding=&#8220;27px|27px|27px|27px|true|true&#8220; global_colors_info=&#8220;{}&#8220;][et_pb_text _builder_version=&#8220;4.27.5&#8243; _module_preset=&#8220;default&#8220; text_font=&#8220;Poppins|700|||||||&#8220; text_text_color=&#8220;#00565E&#8220; text_font_size=&#8220;16px&#8220; custom_margin=&#8220;||0px||false|false&#8220; hover_enabled=&#8220;0&#8243; global_colors_info=&#8220;{}&#8220; sticky_enabled=&#8220;0&#8243;]<\/p>\n<p>H\u00e4ufig gestellte Fragen<\/p>\n<p>[\/et_pb_text][et_pb_text _builder_version=&#8220;4.27.5&#8243; _module_preset=&#8220;default&#8220; text_font=&#8220;Poppins||||||||&#8220; text_text_color=&#8220;#00565E&#8220; text_font_size=&#8220;16px&#8220; custom_margin=&#8220;||32px||false|false&#8220; hover_enabled=&#8220;0&#8243; global_colors_info=&#8220;{}&#8220; sticky_enabled=&#8220;0&#8243;]<\/p>\n<p>Alles, was Sie \u00fcber Repatriierung wissen m\u00fcssen<\/p>\n<p>[\/et_pb_text][et_pb_toggle title=&#8220;Was bedeutet Repatriierung?&#8220; open_toggle_text_color=&#8220;#00565E&#8220; open_toggle_background_color=&#8220;#F0F9FC&#8220; closed_toggle_background_color=&#8220;#FFFFFF&#8220; icon_color=&#8220;#00A5C8&#8243; toggle_icon=&#8220;&#x4c;||divi||400&#8243; open_icon_color=&#8220;#00A5C8&#8243; open_toggle_icon=&#8220;&#x4b;||divi||400&#8243; _builder_version=&#8220;4.27.5&#8243; _module_preset=&#8220;default&#8220; title_text_color=&#8220;#00565E&#8220; title_font=&#8220;Poppins||||||||&#8220; title_text_align=&#8220;left&#8220; title_font_size=&#8220;16px&#8220; closed_title_font=&#8220;Poppins||||||||&#8220; closed_title_text_align=&#8220;left&#8220; text_orientation=&#8220;left&#8220; custom_margin=&#8220;||0px||false|false&#8220; custom_padding=&#8220;14px|0px|14px|0px|true|true&#8220; hover_enabled=&#8220;0&#8243; border_width_all=&#8220;0px&#8220; border_width_top=&#8220;1px&#8220; border_color_top=&#8220;#00A5C8&#8243; global_colors_info=&#8220;{}&#8220; sticky_enabled=&#8220;0&#8243;]<\/p>\n<p>Repatriierung bedeutet die \u00dcberf\u00fchrung einer Person. Dies kann zu Lebzeiten oder nach dem Tod erfolgen. RepatService \u00fcbernimmt die \u00dcberf\u00fchrung von Verstorbenen.<\/p>\n<p>[\/et_pb_toggle][et_pb_toggle title=&#8220;Wie lange dauert eine Repatriierung?&#8220; open_toggle_text_color=&#8220;#00565E&#8220; open_toggle_background_color=&#8220;#F0F9FC&#8220; closed_toggle_background_color=&#8220;#FFFFFF&#8220; icon_color=&#8220;#00A5C8&#8243; toggle_icon=&#8220;&#x4c;||divi||400&#8243; open_icon_color=&#8220;#00A5C8&#8243; open_toggle_icon=&#8220;&#x4b;||divi||400&#8243; _builder_version=&#8220;4.27.5&#8243; _module_preset=&#8220;default&#8220; title_text_color=&#8220;#00565E&#8220; title_font=&#8220;Poppins||||||||&#8220; title_text_align=&#8220;left&#8220; title_font_size=&#8220;16px&#8220; closed_title_font=&#8220;Poppins||||||||&#8220; closed_title_text_align=&#8220;left&#8220; text_orientation=&#8220;left&#8220; custom_margin=&#8220;||0px||false|false&#8220; custom_padding=&#8220;14px|0px|14px|0px|true|true&#8220; hover_enabled=&#8220;0&#8243; border_width_all=&#8220;0px&#8220; border_width_top=&#8220;1px&#8220; border_color_top=&#8220;#00A5C8&#8243; global_colors_info=&#8220;{}&#8220; sticky_enabled=&#8220;0&#8243;]<\/p>\n<p>Die Dauer einer Repatriierung h\u00e4ngt unter anderem vom Ort und der Ursache des Todes, von den lokalen und nationalen gesetzlichen Bestimmungen sowie davon ab, wie schnell die internationalen Dokumente vorliegen. In der Regel dauert eine Repatriierung etwa eine Woche, in manchen F\u00e4llen kann es jedoch mehrere Wochen dauern, bis der Verstorbene zur\u00fcckgef\u00fchrt wird.<\/p>\n<p>[\/et_pb_toggle][et_pb_toggle title=&#8220;Was kostet eine Repatriierung?&#8220; open_toggle_text_color=&#8220;#00565E&#8220; open_toggle_background_color=&#8220;#F0F9FC&#8220; closed_toggle_background_color=&#8220;#FFFFFF&#8220; icon_color=&#8220;#00A5C8&#8243; toggle_icon=&#8220;&#x4c;||divi||400&#8243; open_icon_color=&#8220;#00A5C8&#8243; open_toggle_icon=&#8220;&#x4b;||divi||400&#8243; _builder_version=&#8220;4.27.5&#8243; _module_preset=&#8220;default&#8220; title_text_color=&#8220;#00565E&#8220; title_font=&#8220;Poppins||||||||&#8220; title_text_align=&#8220;left&#8220; title_font_size=&#8220;16px&#8220; closed_title_font=&#8220;Poppins||||||||&#8220; closed_title_text_align=&#8220;left&#8220; text_orientation=&#8220;left&#8220; custom_margin=&#8220;||0px||false|false&#8220; custom_padding=&#8220;14px|0px|14px|0px|true|true&#8220; hover_enabled=&#8220;0&#8243; border_width_all=&#8220;0px&#8220; border_width_top=&#8220;1px&#8220; border_color_top=&#8220;#00A5C8&#8243; global_colors_info=&#8220;{}&#8220; sticky_enabled=&#8220;0&#8243;]<\/p>\n<p>Die H\u00f6he der Kosten h\u00e4ngt vom Ort des Todes sowie von der Art des zu organisierenden Transports ab. Die Kosten f\u00fcr einen Transport per Flugzeug sind h\u00f6her als f\u00fcr eine \u00dcberf\u00fchrung mit einem Bestattungsfahrzeug. Je nach Land und Situation variieren die Kosten in der Regel zwischen ca. 4.000 \u20ac und 12.000 \u20ac. In diesen Kosten sind alle Leistungen enthalten, wie die internationalen Dokumente, der Repatriierungssarg, die Transportkosten im In- und Ausland, die Zollabfertigung sowie die Unterbringung im Mortuarium. Fordern Sie gerne ein Angebot bei uns an, damit wir Ihnen die Kosten \u00fcbersichtlich darstellen k\u00f6nnen.<\/p>\n<p>[\/et_pb_toggle][et_pb_toggle title=&#8220;Ist der Reisepass noch g\u00fcltig?&#8220; open_toggle_text_color=&#8220;#00565E&#8220; open_toggle_background_color=&#8220;#F0F9FC&#8220; closed_toggle_background_color=&#8220;#FFFFFF&#8220; icon_color=&#8220;#00A5C8&#8243; toggle_icon=&#8220;&#x4c;||divi||400&#8243; open_icon_color=&#8220;#00A5C8&#8243; open_toggle_icon=&#8220;&#x4b;||divi||400&#8243; _builder_version=&#8220;4.27.5&#8243; _module_preset=&#8220;default&#8220; title_text_color=&#8220;#00565E&#8220; title_font=&#8220;Poppins||||||||&#8220; title_text_align=&#8220;left&#8220; title_font_size=&#8220;16px&#8220; closed_title_font=&#8220;Poppins||||||||&#8220; closed_title_text_align=&#8220;left&#8220; text_orientation=&#8220;left&#8220; custom_margin=&#8220;||0px||false|false&#8220; custom_padding=&#8220;14px|0px|14px|0px|true|true&#8220; hover_enabled=&#8220;0&#8243; border_width_all=&#8220;0px&#8220; border_width_top=&#8220;1px&#8220; border_color_top=&#8220;#00A5C8&#8243; global_colors_info=&#8220;{}&#8220; sticky_enabled=&#8220;0&#8243;]Nach dem Tod ist der Reisepass nicht mehr g\u00fcltig und es muss ein Laissez-Passer (Leichenpass) f\u00fcr die \u00dcberf\u00fchrung beantragt werden. Dieses sowie weitere erforderliche Dokumente werden von uns organisiert.[\/et_pb_toggle][et_pb_toggle title=&#8220;Was \u00fcbernimmt die Versicherung?&#8220; open_toggle_text_color=&#8220;#00565E&#8220; open_toggle_background_color=&#8220;#F0F9FC&#8220; closed_toggle_background_color=&#8220;#FFFFFF&#8220; icon_color=&#8220;#00A5C8&#8243; toggle_icon=&#8220;&#x4c;||divi||400&#8243; open_icon_color=&#8220;#00A5C8&#8243; open_toggle_icon=&#8220;&#x4b;||divi||400&#8243; _builder_version=&#8220;4.27.5&#8243; _module_preset=&#8220;default&#8220; title_text_color=&#8220;#00565E&#8220; title_font=&#8220;Poppins||||||||&#8220; title_text_align=&#8220;left&#8220; title_font_size=&#8220;16px&#8220; closed_title_font=&#8220;Poppins||||||||&#8220; closed_title_text_align=&#8220;left&#8220; text_orientation=&#8220;left&#8220; custom_margin=&#8220;||0px||false|false&#8220; custom_padding=&#8220;14px|0px|14px|0px|true|true&#8220; hover_enabled=&#8220;0&#8243; border_width_all=&#8220;0px&#8220; border_width_top=&#8220;1px&#8220; border_color_top=&#8220;#00A5C8&#8243; global_colors_info=&#8220;{}&#8220; sticky_enabled=&#8220;0&#8243;]<\/p>\n<p>Die Kosten f\u00fcr eine internationale \u00dcberf\u00fchrung werden h\u00e4ufig teilweise von der Reise-, Kranken- oder Bestattungsversicherung erstattet. Erkundigen Sie sich bei Ihrem Versicherer, welche Kosten genau \u00fcbernommen werden und welche nicht, um unangenehme \u00dcberraschungen zu vermeiden.<\/p>\n<p>[\/et_pb_toggle][et_pb_toggle title=&#8220;Kann ich die Bestattung in den Niederlanden bereits regeln?&#8220; open_toggle_text_color=&#8220;#00565E&#8220; open_toggle_background_color=&#8220;#F0F9FC&#8220; closed_toggle_background_color=&#8220;#FFFFFF&#8220; icon_color=&#8220;#00A5C8&#8243; toggle_icon=&#8220;&#x4c;||divi||400&#8243; open_icon_color=&#8220;#00A5C8&#8243; open_toggle_icon=&#8220;&#x4b;||divi||400&#8243; _builder_version=&#8220;4.27.5&#8243; _module_preset=&#8220;default&#8220; title_text_color=&#8220;#00565E&#8220; title_font=&#8220;Poppins||||||||&#8220; title_text_align=&#8220;left&#8220; title_font_size=&#8220;16px&#8220; closed_title_font=&#8220;Poppins||||||||&#8220; closed_title_text_align=&#8220;left&#8220; text_orientation=&#8220;left&#8220; custom_margin=&#8220;||0px||false|false&#8220; custom_padding=&#8220;14px|0px|14px|0px|true|true&#8220; hover_enabled=&#8220;0&#8243; border_width_all=&#8220;0px&#8220; border_width_top=&#8220;1px&#8220; border_color_top=&#8220;#00A5C8&#8243; global_colors_info=&#8220;{}&#8220; sticky_enabled=&#8220;0&#8243;]<\/p>\n<p>Davon wird abgeraten, da eine \u00dcberf\u00fchrung mehrere Tage bis hin zu mehreren Wochen dauern kann. Die Planung der Bestattung in den Niederlanden stimmen wir in enger Abstimmung mit den Angeh\u00f6rigen und dem Bestatter ab.<\/p>\n<p>[\/et_pb_toggle][et_pb_toggle title=&#8220;Was organisiert der Bestatter in den Niederlanden (bzw. im Zielland)? &#8220; open_toggle_text_color=&#8220;#00565E&#8220; open_toggle_background_color=&#8220;#F0F9FC&#8220; closed_toggle_background_color=&#8220;#FFFFFF&#8220; icon_color=&#8220;#00A5C8&#8243; toggle_icon=&#8220;&#x4c;||divi||400&#8243; open_icon_color=&#8220;#00A5C8&#8243; open_toggle_icon=&#8220;&#x4b;||divi||400&#8243; _builder_version=&#8220;4.27.5&#8243; _module_preset=&#8220;default&#8220; title_text_color=&#8220;#00565E&#8220; title_font=&#8220;Poppins||||||||&#8220; title_text_align=&#8220;left&#8220; title_font_size=&#8220;16px&#8220; closed_title_font=&#8220;Poppins||||||||&#8220; closed_title_text_align=&#8220;left&#8220; text_orientation=&#8220;left&#8220; custom_margin=&#8220;||0px||false|false&#8220; custom_padding=&#8220;14px|0px|14px|0px|true|true&#8220; hover_enabled=&#8220;0&#8243; border_width_all=&#8220;0px&#8220; border_width_top=&#8220;1px&#8220; border_color_top=&#8220;#00A5C8&#8243; global_colors_info=&#8220;{}&#8220; sticky_enabled=&#8220;0&#8243;]<\/p>\n<p>Der Bestatter in den Niederlanden (bzw. im Zielland) regelt grunds\u00e4tzlich ausschlie\u00dflich alle Angelegenheiten rund um die Bestattung in den Niederlanden.<\/p>\n<p>[\/et_pb_toggle][et_pb_toggle title=&#8220;K\u00f6nnen Familienangeh\u00f6rige gemeinsam zur\u00fcckfliegen oder -fahren?&#8220; open_toggle_text_color=&#8220;#00565E&#8220; open_toggle_background_color=&#8220;#F0F9FC&#8220; closed_toggle_background_color=&#8220;#FFFFFF&#8220; icon_color=&#8220;#00A5C8&#8243; toggle_icon=&#8220;&#x4c;||divi||400&#8243; open_icon_color=&#8220;#00A5C8&#8243; open_toggle_icon=&#8220;&#x4b;||divi||400&#8243; _builder_version=&#8220;4.27.5&#8243; _module_preset=&#8220;default&#8220; title_text_color=&#8220;#00565E&#8220; title_font=&#8220;Poppins||||||||&#8220; title_text_align=&#8220;left&#8220; title_font_size=&#8220;16px&#8220; closed_title_font=&#8220;Poppins||||||||&#8220; closed_title_text_align=&#8220;left&#8220; text_orientation=&#8220;left&#8220; custom_margin=&#8220;||0px||false|false&#8220; custom_padding=&#8220;14px|0px|14px|0px|true|true&#8220; hover_enabled=&#8220;0&#8243; border_width_all=&#8220;0px&#8220; border_width_top=&#8220;1px&#8220; border_color_top=&#8220;#00A5C8&#8243; global_colors_info=&#8220;{}&#8220; sticky_enabled=&#8220;0&#8243;]<\/p>\n<p>Davon wird h\u00e4ufig abgeraten, ist jedoch (in manchen F\u00e4llen) m\u00f6glich. Wir besprechen gemeinsam mit Ihnen, was m\u00f6glich ist und was nicht.<\/p>\n<p>[\/et_pb_toggle][et_pb_toggle title=&#8220;Was kostet eine Beerdigung oder Ein\u00e4scherung im Ausland?&#8220; open_toggle_text_color=&#8220;#00565E&#8220; open_toggle_background_color=&#8220;#F0F9FC&#8220; closed_toggle_background_color=&#8220;#FFFFFF&#8220; icon_color=&#8220;#00A5C8&#8243; toggle_icon=&#8220;&#x4c;||divi||400&#8243; open_icon_color=&#8220;#00A5C8&#8243; open_toggle_icon=&#8220;&#x4b;||divi||400&#8243; _builder_version=&#8220;4.27.5&#8243; _module_preset=&#8220;default&#8220; title_text_color=&#8220;#00565E&#8220; title_font=&#8220;Poppins||||||||&#8220; title_text_align=&#8220;left&#8220; title_font_size=&#8220;16px&#8220; closed_title_font=&#8220;Poppins||||||||&#8220; closed_title_text_align=&#8220;left&#8220; text_orientation=&#8220;left&#8220; custom_margin=&#8220;||0px||false|false&#8220; custom_padding=&#8220;14px|0px|14px|0px|true|true&#8220; hover_enabled=&#8220;0&#8243; border_width_all=&#8220;0px&#8220; border_width_top=&#8220;1px&#8220; border_color_top=&#8220;#00A5C8&#8243; global_colors_info=&#8220;{}&#8220; sticky_enabled=&#8220;0&#8243;]<\/p>\n<p>Die Kosten f\u00fcr eine Bestattung im Ausland k\u00f6nnen stark variieren und h\u00e4ngen unter anderem vom jeweiligen Land ab. Gerne beraten wir Sie dar\u00fcber, welche M\u00f6glichkeiten bestehen.<\/p>\n<p>[\/et_pb_toggle][et_pb_toggle title=&#8220;Was kostet der Versand einer Urne?&#8220; open_toggle_text_color=&#8220;#00565E&#8220; open_toggle_background_color=&#8220;#F0F9FC&#8220; closed_toggle_background_color=&#8220;#FFFFFF&#8220; icon_color=&#8220;#00A5C8&#8243; toggle_icon=&#8220;&#x4c;||divi||400&#8243; open_icon_color=&#8220;#00A5C8&#8243; open_toggle_icon=&#8220;&#x4b;||divi||400&#8243; _builder_version=&#8220;4.27.5&#8243; _module_preset=&#8220;default&#8220; title_text_color=&#8220;#00565E&#8220; title_font=&#8220;Poppins||||||||&#8220; title_text_align=&#8220;left&#8220; title_font_size=&#8220;16px&#8220; closed_title_font=&#8220;Poppins||||||||&#8220; closed_title_text_align=&#8220;left&#8220; text_orientation=&#8220;left&#8220; custom_margin=&#8220;||0px||false|false&#8220; custom_padding=&#8220;14px|0px|14px|0px|true|true&#8220; hover_enabled=&#8220;0&#8243; border_width_all=&#8220;0px&#8220; border_width_top=&#8220;1px&#8220; border_color_top=&#8220;#00A5C8&#8243; global_colors_info=&#8220;{}&#8220; sticky_enabled=&#8220;0&#8243;]<\/p>\n<p>Die Kosten f\u00fcr den Versand einer Urne h\u00e4ngen vom Zielland ab. Gerne erstellen wir Ihnen ein unverbindliches Angebot.<\/p>\n<p>[\/et_pb_toggle][\/et_pb_column][\/et_pb_row][\/et_pb_section]<\/p>\n","protected":false},"excerpt":{"rendered":"<p>Helpt wereldwijd bij repatri\u00ebren van overledenen.<\/p>\n","protected":false},"author":3,"featured_media":0,"parent":0,"menu_order":0,"comment_status":"closed","ping_status":"closed","template":"","meta":{"_et_pb_use_builder":"on","_et_pb_old_content":"","_et_gb_content_width":"","footnotes":""},"class_list":["post-561","page","type-page","status-publish","hentry"],"_links":{"self":[{"href":"https:\/\/www.repatservice.nl\/de\/wp-json\/wp\/v2\/pages\/561","targetHints":{"allow":["GET"]}}],"collection":[{"href":"https:\/\/www.repatservice.nl\/de\/wp-json\/wp\/v2\/pages"}],"about":[{"href":"https:\/\/www.repatservice.nl\/de\/wp-json\/wp\/v2\/types\/page"}],"author":[{"embeddable":true,"href":"https:\/\/www.repatservice.nl\/de\/wp-json\/wp\/v2\/users\/3"}],"replies":[{"embeddable":true,"href":"https:\/\/www.repatservice.nl\/de\/wp-json\/wp\/v2\/comments?post=561"}],"version-history":[{"count":0,"href":"https:\/\/www.repatservice.nl\/de\/wp-json\/wp\/v2\/pages\/561\/revisions"}],"wp:attachment":[{"href":"https:\/\/www.repatservice.nl\/de\/wp-json\/wp\/v2\/media?parent=561"}],"curies":[{"name":"wp","href":"https:\/\/api.w.org\/{rel}","templated":true}]}}