{"id":566,"date":"2023-06-13T17:05:38","date_gmt":"2023-06-13T15:05:38","guid":{"rendered":"https:\/\/www.repatservice.nl\/?page_id=566"},"modified":"2025-12-24T11:40:11","modified_gmt":"2025-12-24T10:40:11","slug":"kontakt","status":"publish","type":"page","link":"https:\/\/www.repatservice.nl\/de\/kontakt\/","title":{"rendered":"Kontakt"},"content":{"rendered":"<p>[et_pb_section fb_built=&#8220;1&#8243; _builder_version=&#8220;4.19.5&#8243; _module_preset=&#8220;default&#8220; background_enable_color=&#8220;off&#8220; background_image=&#8220;https:\/\/repatservice.nl\/assets\/uploads\/repatservice_nl-vogeltjes-bg-01.png&#8220; background_size=&#8220;custom&#8220; background_image_width=&#8220;540px&#8220; background_position=&#8220;top_left&#8220; background_horizontal_offset=&#8220;27px&#8220; background_vertical_offset=&#8220;27px&#8220; custom_padding=&#8220;108px||107px||false|false&#8220; global_colors_info=&#8220;{}&#8220;][et_pb_row use_custom_gutter=&#8220;on&#8220; gutter_width=&#8220;4&#8243; _builder_version=&#8220;4.19.5&#8243; _module_preset=&#8220;default&#8220; custom_margin=&#8220;0px||0px||true|false&#8220; custom_padding=&#8220;0px||0px||true|false&#8220; global_colors_info=&#8220;{}&#8220;][et_pb_column type=&#8220;4_4&#8243; _builder_version=&#8220;4.19.5&#8243; _module_preset=&#8220;default&#8220; global_colors_info=&#8220;{}&#8220;][et_pb_text _builder_version=&#8220;4.27.5&#8243; _module_preset=&#8220;default&#8220; text_font=&#8220;Poppins||||||||&#8220; text_text_color=&#8220;#00565E&#8220; text_font_size=&#8220;16px&#8220; link_font=&#8220;|700|||||||&#8220; link_text_color=&#8220;#00A5C8&#8243; header_text_color=&#8220;#00565E&#8220; header_font_size=&#8220;44px&#8220; header_line_height=&#8220;50px&#8220; width=&#8220;80%&#8220; width_tablet=&#8220;80%&#8220; width_phone=&#8220;100%&#8220; width_last_edited=&#8220;on|phone&#8220; custom_margin=&#8220;||32px||false|false&#8220; hover_enabled=&#8220;0&#8243; header_font_size_tablet=&#8220;44px&#8220; header_font_size_phone=&#8220;24px&#8220; header_font_size_last_edited=&#8220;on|phone&#8220; header_line_height_tablet=&#8220;50px&#8220; header_line_height_phone=&#8220;31px&#8220; header_line_height_last_edited=&#8220;on|phone&#8220; global_colors_info=&#8220;{}&#8220; sticky_enabled=&#8220;0&#8243;]<\/p>\n<h1>Kontaktieren Sie uns bei all Ihren Fragen<\/h1>\n<p>[\/et_pb_text][et_pb_text _builder_version=&#8220;4.27.5&#8243; _module_preset=&#8220;default&#8220; text_font=&#8220;Poppins|700|||||||&#8220; text_text_color=&#8220;#00565E&#8220; text_font_size=&#8220;16px&#8220; link_font=&#8220;|700|||||||&#8220; link_text_color=&#8220;#00A5C8&#8243; custom_margin=&#8220;||0px||false|false&#8220; custom_padding=&#8220;||0px||false|false&#8220; hover_enabled=&#8220;0&#8243; global_colors_info=&#8220;{}&#8220; sticky_enabled=&#8220;0&#8243;]<\/p>\n<p>Hilfe bei Todesf\u00e4llen im Ausland \/ R\u00fcckf\u00fchrung ins Ausland<\/p>\n<p>[\/et_pb_text][et_pb_text _builder_version=&#8220;4.27.5&#8243; _module_preset=&#8220;default&#8220; text_font=&#8220;Poppins||||||||&#8220; text_text_color=&#8220;#00565E&#8220; text_font_size=&#8220;16px&#8220; link_font=&#8220;|700|||||||&#8220; link_text_color=&#8220;#00A5C8&#8243; width=&#8220;80%&#8220; width_tablet=&#8220;80%&#8220; width_phone=&#8220;100%&#8220; width_last_edited=&#8220;on|phone&#8220; custom_margin=&#8220;||48px||false|false&#8220; custom_padding=&#8220;||0px||false|false&#8220; hover_enabled=&#8220;0&#8243; global_colors_info=&#8220;{}&#8220; sticky_enabled=&#8220;0&#8243;]<\/p>\n<p>Wenn Sie mit dem Tod eines Angeh\u00f6rigen im Ausland konfrontiert sind, nehmen Sie bitte umgehend Kontakt mit uns auf. Wir unterst\u00fctzen Sie bei der Organisation der internationalen Dokumente sowie beim Transport Ihres Angeh\u00f6rigen in die Niederlande, damit die \u00dcberf\u00fchrung so schnell wie m\u00f6glich erfolgen kann.<\/p>\n<p><strong>Unsere Dienstleistungen stehen Ihnen rund um die Uhr \u2013 24\/7 \u2013 zur Verf\u00fcgung. Wir sind jederzeit f\u00fcr Sie da.<\/strong><\/p>\n<p>Telefonnummer: <a href=\"tel:+31850069905\">0031 (0)85 006 9905<\/a><br \/>E-Mail: <a href=\"mailto:info@repatservice.nl\">info@repatservice.nl<\/a><\/p>\n<p>[\/et_pb_text][et_pb_button button_url=&#8220;tel:+310850069905&#8243; button_text=&#8220;Rufen Sie uns direkt an: 0031 (0) 85 006 9905&#8243; _builder_version=&#8220;4.27.5&#8243; _module_preset=&#8220;default&#8220; custom_button=&#8220;on&#8220; button_text_size=&#8220;18px&#8220; button_text_color=&#8220;#00565E&#8220; button_bg_color=&#8220;#CFE063&#8243; button_border_width=&#8220;0px&#8220; button_border_radius=&#8220;50px&#8220; button_font=&#8220;Poppins||||||||&#8220; button_use_icon=&#8220;off&#8220; custom_margin=&#8220;||14px||false|false&#8220; custom_padding=&#8220;||||false|false&#8220; hover_enabled=&#8220;0&#8243; global_colors_info=&#8220;{}&#8220; sticky_enabled=&#8220;0&#8243;][\/et_pb_button][\/et_pb_column][\/et_pb_row][\/et_pb_section][et_pb_section fb_built=&#8220;1&#8243; _builder_version=&#8220;4.19.5&#8243; _module_preset=&#8220;default&#8220; background_color=&#8220;#F0F9FC&#8220; custom_padding=&#8220;108px||108px||true|false&#8220; custom_css_main_element=&#8220;||&#8220; global_colors_info=&#8220;{}&#8220;][et_pb_row column_structure=&#8220;1_3,2_3&#8243; use_custom_gutter=&#8220;on&#8220; gutter_width=&#8220;4&#8243; _builder_version=&#8220;4.19.5&#8243; _module_preset=&#8220;default&#8220; custom_margin=&#8220;0px||0px||true|false&#8220; custom_padding=&#8220;0px||0px||true|false&#8220; global_colors_info=&#8220;{}&#8220;][et_pb_column type=&#8220;1_3&#8243; _builder_version=&#8220;4.19.5&#8243; _module_preset=&#8220;default&#8220; global_colors_info=&#8220;{}&#8220;][\/et_pb_column][et_pb_column type=&#8220;2_3&#8243; _builder_version=&#8220;4.19.5&#8243; _module_preset=&#8220;default&#8220; global_colors_info=&#8220;{}&#8220;][et_pb_text _builder_version=&#8220;4.27.5&#8243; _module_preset=&#8220;default&#8220; text_font=&#8220;Poppins|700|||||||&#8220; text_text_color=&#8220;#00A5C8&#8243; text_font_size=&#8220;16px&#8220; custom_margin=&#8220;||0px||false|false&#8220; hover_enabled=&#8220;0&#8243; global_colors_info=&#8220;{}&#8220; sticky_enabled=&#8220;0&#8243;]<\/p>\n<p>Kosten- \/ Informationsanfrage<\/p>\n<p>[\/et_pb_text][et_pb_text _builder_version=&#8220;4.27.5&#8243; _module_preset=&#8220;default&#8220; text_font=&#8220;Poppins||||||||&#8220; text_text_color=&#8220;#00565E&#8220; text_font_size=&#8220;16px&#8220; link_font=&#8220;Poppins|700|||||||&#8220; link_text_color=&#8220;#00A5C8&#8243; custom_margin=&#8220;||||false|false&#8220; hover_enabled=&#8220;0&#8243; global_colors_info=&#8220;{}&#8220; sticky_enabled=&#8220;0&#8243;]Wenn Sie m\u00f6chten, nehmen wir gerne Kontakt mit Ihnen auf, um Sie mit Informationen oder einer Kosten\u00fcbersicht zu versorgen.<\/p>\n<p>Sind Sie aktuell direkt mit einem Todesfall im Ausland konfrontiert?<br \/>\nRufen Sie uns bitte umgehend an unter der Telefonnummer:<br \/>\n<a href=\"tel:+31850069905\">0031 (0)85 006 9905<\/a>[\/et_pb_text][\/et_pb_column][\/et_pb_row][et_pb_row column_structure=&#8220;2_5,3_5&#8243; use_custom_gutter=&#8220;on&#8220; gutter_width=&#8220;4&#8243; _builder_version=&#8220;4.19.5&#8243; _module_preset=&#8220;default&#8220; custom_margin=&#8220;0px||0px||true|false&#8220; custom_padding=&#8220;0px||0px||true|false&#8220; global_colors_info=&#8220;{}&#8220;][et_pb_column type=&#8220;2_5&#8243; _builder_version=&#8220;4.19.5&#8243; _module_preset=&#8220;default&#8220; global_colors_info=&#8220;{}&#8220;][et_pb_button button_url=&#8220;\/offerte-aanvraag&#8220; button_text=&#8220;angebot anfordern&#8220; button_alignment=&#8220;left&#8220; admin_label=&#8220;contact knop&#8220; _builder_version=&#8220;4.27.5&#8243; _module_preset=&#8220;default&#8220; custom_button=&#8220;on&#8220; button_text_size=&#8220;18px&#8220; button_text_color=&#8220;#00565E&#8220; button_bg_color=&#8220;#FFFFFF&#8220; button_border_width=&#8220;1px&#8220; button_border_color=&#8220;#00565E&#8220; button_border_radius=&#8220;50px&#8220; button_font=&#8220;Poppins||||||||&#8220; button_use_icon=&#8220;off&#8220; position_origin_a=&#8220;bottom_left&#8220; z_index=&#8220;3&#8243; custom_margin=&#8220;-48px||||false|false&#8220; custom_margin_tablet=&#8220;-48px||||false|false&#8220; custom_margin_phone=&#8220;14px||||false|false&#8220; custom_margin_last_edited=&#8220;on|phone&#8220; custom_padding=&#8220;||||false|false&#8220; hover_enabled=&#8220;0&#8243; global_colors_info=&#8220;{}&#8220; sticky_enabled=&#8220;0&#8243;][\/et_pb_button][\/et_pb_column][et_pb_column type=&#8220;3_5&#8243; _builder_version=&#8220;4.19.5&#8243; _module_preset=&#8220;default&#8220; global_colors_info=&#8220;{}&#8220;][\/et_pb_column][\/et_pb_row][\/et_pb_section]<\/p>\n","protected":false},"excerpt":{"rendered":"<p>Helpt wereldwijd bij repatri\u00ebren van overledenen.<\/p>\n","protected":false},"author":3,"featured_media":0,"parent":0,"menu_order":0,"comment_status":"closed","ping_status":"closed","template":"","meta":{"_et_pb_use_builder":"on","_et_pb_old_content":"","_et_gb_content_width":"","footnotes":""},"class_list":["post-566","page","type-page","status-publish","hentry"],"_links":{"self":[{"href":"https:\/\/www.repatservice.nl\/de\/wp-json\/wp\/v2\/pages\/566","targetHints":{"allow":["GET"]}}],"collection":[{"href":"https:\/\/www.repatservice.nl\/de\/wp-json\/wp\/v2\/pages"}],"about":[{"href":"https:\/\/www.repatservice.nl\/de\/wp-json\/wp\/v2\/types\/page"}],"author":[{"embeddable":true,"href":"https:\/\/www.repatservice.nl\/de\/wp-json\/wp\/v2\/users\/3"}],"replies":[{"embeddable":true,"href":"https:\/\/www.repatservice.nl\/de\/wp-json\/wp\/v2\/comments?post=566"}],"version-history":[{"count":0,"href":"https:\/\/www.repatservice.nl\/de\/wp-json\/wp\/v2\/pages\/566\/revisions"}],"wp:attachment":[{"href":"https:\/\/www.repatservice.nl\/de\/wp-json\/wp\/v2\/media?parent=566"}],"curies":[{"name":"wp","href":"https:\/\/api.w.org\/{rel}","templated":true}]}}